{"id":513,"date":"2020-12-04T20:02:10","date_gmt":"2020-12-04T19:02:10","guid":{"rendered":"https:\/\/www.haus-speier.de\/imprint\/"},"modified":"2021-01-06T22:02:57","modified_gmt":"2021-01-06T21:02:57","slug":"imprint","status":"publish","type":"page","link":"https:\/\/www.speierhaus.de\/en\/imprint\/","title":{"rendered":"Imprint"},"content":{"rendered":"<p>[vc_row][vc_column][vc_column_text]<\/p>\r\n<h3>Imprint<\/h3>\r\n<p>&nbsp;<\/p>\r\n<p>Gedenkst\u00e4tte Speier Angenrod e.V.<br \/>Joachim\u00a0Legatis<br \/>Untere Fulder Gasse 42<br \/>36304 Alsfeld<br \/>E-Mail: <a href=\"mailto:joachim-legatis@t-online.de\">joachim-legatis@t-online.de<\/a><\/p>\r\n\r\n<p><strong>This exhibition was created by<\/strong><br \/>Ursel Arndt<br \/>Daniela Eichelberger<br \/>Peter Gabriel<br \/>Gabriele Gei\u00df<br \/>Katharina Jacob<br \/>Claudia Legatis<br \/>Joachim\u00a0Legatis<br \/>J\u00fcrgen Udo Pfeiffer<br \/>Paul E. Pfisterer<br \/>Dr. Sascha Reif<br \/>Konrad R\u00fcssel<br \/>J. Michael Ruhl<br \/>Gerhard Zin\u00dfer<br \/>SUK-Kurs Speierhaus of Max-Eyth-Schule Alsfeld<\/p>\r\n\r\n<p><strong>Project management<\/strong><br \/><a href=\"http:\/\/www.gabrielegeiss.de\/\" target=\"_blank\" rel=\"noreferrer noopener\">Gabriele Gei\u00df, g.kommunikation<\/a><\/p>\r\n\r\n<p><strong>Film and Cutting<\/strong><br \/><a href=\"http:\/\/www.gabrielegeiss.de\/\" target=\"_blank\" rel=\"noreferrer noopener\">Jana Gei\u00df, g.Kommunikation<\/a><br \/>Peter Gabriel<\/p>\r\n\r\n<p><strong>Digitorial and Website<\/strong><br \/><a href=\"https:\/\/www.lichtsignale.de\/\" target=\"_blank\" rel=\"noreferrer noopener\">Simon Malz, Lichtsignale<\/a><\/p>\r\n\r\n<p>&nbsp;<\/p>\r\n<p>[\/vc_column_text][\/vc_column][\/vc_row]<\/p>","protected":false},"excerpt":{"rendered":"<p>[vc_row][vc_column][vc_column_text] Imprint &nbsp; Gedenkst\u00e4tte Speier Angenrod e.V.Joachim\u00a0LegatisUntere Fulder Gasse 4236304 AlsfeldE-Mail: joachim-legatis@t-online.de This exhibition was created byUrsel ArndtDaniela EichelbergerPeter GabrielGabriele Gei\u00dfKatharina JacobClaudia LegatisJoachim\u00a0LegatisJ\u00fcrgen Udo PfeifferPaul E. PfistererDr. Sascha ReifKonrad R\u00fcsselJ. Michael RuhlGerhard Zin\u00dferSUK-Kurs Speierhaus of Max-Eyth-Schule Alsfeld Project managementGabriele Gei\u00df, g.kommunikation Film and CuttingJana Gei\u00df, g.KommunikationPeter Gabriel Digitorial and WebsiteSimon Malz, Lichtsignale &nbsp; [\/vc_column_text][\/vc_column][\/vc_row]<\/p>\n","protected":false},"author":1,"featured_media":0,"parent":0,"menu_order":0,"comment_status":"closed","ping_status":"closed","template":"","meta":{"footnotes":""},"class_list":["post-513","page","type-page","status-publish"],"_links":{"self":[{"href":"https:\/\/www.speierhaus.de\/en\/wp-json\/wp\/v2\/pages\/513","targetHints":{"allow":["GET"]}}],"collection":[{"href":"https:\/\/www.speierhaus.de\/en\/wp-json\/wp\/v2\/pages"}],"about":[{"href":"https:\/\/www.speierhaus.de\/en\/wp-json\/wp\/v2\/types\/page"}],"author":[{"embeddable":true,"href":"https:\/\/www.speierhaus.de\/en\/wp-json\/wp\/v2\/users\/1"}],"replies":[{"embeddable":true,"href":"https:\/\/www.speierhaus.de\/en\/wp-json\/wp\/v2\/comments?post=513"}],"version-history":[{"count":5,"href":"https:\/\/www.speierhaus.de\/en\/wp-json\/wp\/v2\/pages\/513\/revisions"}],"predecessor-version":[{"id":690,"href":"https:\/\/www.speierhaus.de\/en\/wp-json\/wp\/v2\/pages\/513\/revisions\/690"}],"wp:attachment":[{"href":"https:\/\/www.speierhaus.de\/en\/wp-json\/wp\/v2\/media?parent=513"}],"curies":[{"name":"wp","href":"https:\/\/api.w.org\/{rel}","templated":true}]}}